{"id":11787,"date":"2016-06-01T20:50:03","date_gmt":"2016-06-01T20:50:03","guid":{"rendered":"http:\/\/10.100.150.187\/renfa\/?page_id=11787"},"modified":"2018-04-06T12:23:10","modified_gmt":"2018-04-06T15:23:10","slug":"proyectos-conjuntos","status":"publish","type":"page","link":"https:\/\/renfa.sma.gob.cl\/index.php\/proyectos-conjuntos\/","title":{"rendered":"Proyectos Conjuntos"},"content":{"rendered":"<p><div class=\"fusion-fullwidth fullwidth-box nonhundred-percent-fullwidth non-hundred-percent-height-scrolling\"  style='background-color: #ffffff;background-position: left top;background-repeat: no-repeat;padding-top:20px;padding-right:0px;padding-bottom:20px;padding-left:0px;border-top-width:0px;border-bottom-width:0px;border-color:#eae9e9;border-top-style:solid;border-bottom-style:solid;'><div class=\"fusion-builder-row fusion-row \"><div  class=\"fusion-layout-column fusion_builder_column fusion_builder_column_1_1 fusion-builder-column-1 fusion-one-full fusion-column-first fusion-column-last 1_1\"  style='margin-top:0px;margin-bottom:20px;'>\n\t\t\t\t\t<div class=\"fusion-column-wrapper\" style=\"background-position:left top;background-repeat:no-repeat;-webkit-background-size:cover;-moz-background-size:cover;-o-background-size:cover;background-size:cover;\"   data-bg-url=\"\">\n\t\t\t\t\t\t<div class=\"fusion-title title fusion-title-1 sep-underline sep-dotted fusion-title-size-one\" style=\"border-bottom-color:#206ba3;margin-top:0px;margin-bottom:30px;\"><h1 class=\"title-heading-left\" style=\"margin:0;\"><span style=\"color: #1c5f77;\">Proyectos Conjuntos<\/span><\/h1><\/div><div class=\"fusion-text\"><p style=\"text-align: justify;\">Esta secci\u00f3n presentar\u00e1 resultados de los proyectos ejecutados por la SMA en conjunto con otros Organismos Sectoriales que desempe\u00f1an actividades de fiscalizaci\u00f3n ambiental.<\/p>\n<\/div><div class=\"fusion-clearfix\"><\/div>\n\n\t\t\t\t\t<\/div>\n\t\t\t\t<\/div><\/div><\/div><div class=\"fusion-fullwidth fullwidth-box nonhundred-percent-fullwidth non-hundred-percent-height-scrolling\"  style='background-color: #ffffff;background-position: left top;background-repeat: no-repeat;padding-top:20px;padding-right:0px;padding-bottom:20px;padding-left:0px;border-top-width:0px;border-bottom-width:0px;border-color:#eae9e9;border-top-style:solid;border-bottom-style:solid;'><div class=\"fusion-builder-row fusion-row \"><div  class=\"fusion-layout-column fusion_builder_column fusion_builder_column_1_1 fusion-builder-column-2 fusion-one-full fusion-column-first fusion-column-last 1_1\"  style='margin-top:0px;margin-bottom:20px;'>\n\t\t\t\t\t<div class=\"fusion-column-wrapper\" style=\"background-position:left top;background-repeat:no-repeat;-webkit-background-size:cover;-moz-background-size:cover;-o-background-size:cover;background-size:cover;\"   data-bg-url=\"\">\n\t\t\t\t\t\t<div class=\"fusion-blog-shortcode fusion-blog-shortcode-1 fusion-blog-archive fusion-blog-layout-medium fusion-blog-pagination\"><div class=\"fusion-posts-container fusion-posts-container-pagination fusion-no-meta-info fusion-blog-rollover\" data-pages=\"2\"><article id=\"blog-1-post-14810\" class=\"fusion-post-medium post-14810 post type-post status-publish format-standard has-post-thumbnail hentry category-noticias category-proyectos-conjuntos\">\n\t<style type=\"text\/css\">\n\t\t\n\t\t\n\t\t\n\t\t\n\t\t\t<\/style>\n\n\n\t\t\t<div class=\"fusion-flexslider flexslider fusion-flexslider-loading fusion-post-slideshow\" style=\"\">\n\t\t<ul class=\"slides\">\n\t\t\t\n\t\t\t\t\t\t\t\t\t\t\t\t\t\t<li>\n\n<div  class=\"fusion-image-wrapper fusion-image-size-fixed\" aria-haspopup=\"true\">\n\t\n\t\n\t\t\n\t\t\t\t\t<img width=\"320\" height=\"202\" src=\"https:\/\/renfa.sma.gob.cl\/wp-content\/uploads\/2018\/10\/IMG_7102-320x202.jpg\" class=\"attachment-blog-medium size-blog-medium wp-post-image\" alt=\"\" decoding=\"async\" srcset=\"https:\/\/renfa.sma.gob.cl\/wp-content\/uploads\/2018\/10\/IMG_7102-320x202.jpg 320w, https:\/\/renfa.sma.gob.cl\/wp-content\/uploads\/2018\/10\/IMG_7102-700x441.jpg 700w\" sizes=\"(max-width: 320px) 100vw, 320px\" \/>\n\t\n\n\t\t<div class=\"fusion-rollover\">\n\t<div class=\"fusion-rollover-content\">\n\n\t\t\t\t\t\t\t\t\t\t\t\t\t\t<a class=\"fusion-rollover-link\" href=\"https:\/\/renfa.sma.gob.cl\/index.php\/2018\/10\/03\/sma-lanza-formulario-de-denuncia-de-ruido\/\">SMA lanza formulario de denuncia de ruido<\/a>\n\t\t\t\n\t\t\t\t\t\t\t\t\t\t\t\t\t\t\n\t\t\t\t\t\t\t\t\n\t\t\t\t\t\t\t\t\t\t\t\t\t<div class=\"fusion-rollover-sep\"><\/div>\n\t\t\t\t\n\t\t\t\t\t\t\t\t\t\t\t\t\t\t\t\t\t\t<a class=\"fusion-rollover-gallery\" href=\"https:\/\/renfa.sma.gob.cl\/wp-content\/uploads\/2018\/10\/IMG_7102.jpg\" data-id=\"14810\" data-rel=\"iLightbox[gallery]\" data-title=\"IMG_7102\" data-caption=\"\">\n\t\t\t\t\t\tGallery\t\t\t\t\t<\/a>\n\t\t\t\t\t\t\t\t\t\t\t\t\t\t\n\t\t\t\t\n\t\t\t\t\t\t\t\t\t\t\t\t<h4 class=\"fusion-rollover-title\">\n\t\t\t\t\t<a href=\"https:\/\/renfa.sma.gob.cl\/index.php\/2018\/10\/03\/sma-lanza-formulario-de-denuncia-de-ruido\/\">\n\t\t\t\t\t\tSMA lanza formulario de denuncia de ruido\t\t\t\t\t<\/a>\n\t\t\t\t<\/h4>\n\t\t\t\n\t\t\t\t\t\t\t\t\t\t\t\t\t\t<div class=\"fusion-rollover-categories\"><a href=\"https:\/\/renfa.sma.gob.cl\/index.php\/category\/noticias\/\" rel=\"tag\">Noticias<\/a>, <a href=\"https:\/\/renfa.sma.gob.cl\/index.php\/category\/proyectos-conjuntos\/\" rel=\"tag\">Proyectos conjuntos<\/a><\/div>\t\t\t\t\t\n\t\t\n\t\t\t\t<a class=\"fusion-link-wrapper\" href=\"https:\/\/renfa.sma.gob.cl\/index.php\/2018\/10\/03\/sma-lanza-formulario-de-denuncia-de-ruido\/\" aria-label=\"SMA lanza formulario de denuncia de ruido\"><\/a>\n\t<\/div>\n<\/div>\n\n\t\n<\/div>\n<\/li>\n\t\t\t\n\t\t\t\n\t\t\t\t\t\t\t\t\t\t\t\t\t\t\t\t\t\t\t\t\t\t\t\t\t\t\t\t\t\t\t\t\t\t\t\t\t\t\t\t\t\t\t\t\t\t\t\t\t\t\t\t\t\t\t\t\t\t\t\t\t\t\t\t\t\t\t\t<\/ul>\n\t<\/div>\n\t<div class=\"fusion-post-content post-content\"><h2 class=\"blog-shortcode-post-title entry-title\"><a href=\"https:\/\/renfa.sma.gob.cl\/index.php\/2018\/10\/03\/sma-lanza-formulario-de-denuncia-de-ruido\/\">SMA lanza formulario de denuncia de ruido<\/a><\/h2><div class=\"fusion-post-content-container\"><p> Durante del mes de septiembre, la Superintendencia del Medio Ambiente public\u00f3 el \"Formulario de Denuncias de Ruido\", fruto del trabajo conjunto entre SMA y la Subsecretar\u00eda de Salud P\u00fablica, dando cumplimiento a uno de [...]<\/p><\/div><\/div><div class=\"fusion-clearfix\"><\/div><\/article>\n<article id=\"blog-1-post-14149\" class=\"fusion-post-medium post-14149 post type-post status-publish format-standard has-post-thumbnail hentry category-proyectos-conjuntos\">\n\t<style type=\"text\/css\">\n\t\t\n\t\t\n\t\t\n\t\t\n\t\t\t<\/style>\n\n\n\t\t\t<div class=\"fusion-flexslider flexslider fusion-flexslider-loading fusion-post-slideshow\" style=\"\">\n\t\t<ul class=\"slides\">\n\t\t\t\n\t\t\t\t\t\t\t\t\t\t\t\t\t\t<li>\n\n<div  class=\"fusion-image-wrapper fusion-image-size-fixed\" aria-haspopup=\"true\">\n\t\n\t\n\t\t\n\t\t\t\t\t<img width=\"320\" height=\"202\" src=\"https:\/\/renfa.sma.gob.cl\/wp-content\/uploads\/2017\/07\/plan-renfa-proyc-conunto-320x202.jpg\" class=\"attachment-blog-medium size-blog-medium wp-post-image\" alt=\"\" decoding=\"async\" srcset=\"https:\/\/renfa.sma.gob.cl\/wp-content\/uploads\/2017\/07\/plan-renfa-proyc-conunto-320x202.jpg 320w, https:\/\/renfa.sma.gob.cl\/wp-content\/uploads\/2017\/07\/plan-renfa-proyc-conunto-700x441.jpg 700w\" sizes=\"(max-width: 320px) 100vw, 320px\" \/>\n\t\n\n\t\t<div class=\"fusion-rollover\">\n\t<div class=\"fusion-rollover-content\">\n\n\t\t\t\t\t\t\t\t\t\t\t\t\t\t<a class=\"fusion-rollover-link\" href=\"https:\/\/renfa.sma.gob.cl\/index.php\/2017\/07\/21\/plan-renfa-2017-2023\/\">Plan RENFA 2017-2023<\/a>\n\t\t\t\n\t\t\t\t\t\t\t\t\t\t\t\t\t\t\n\t\t\t\t\t\t\t\t\n\t\t\t\t\t\t\t\t\t\t\t\t\t<div class=\"fusion-rollover-sep\"><\/div>\n\t\t\t\t\n\t\t\t\t\t\t\t\t\t\t\t\t\t\t\t\t\t\t<a class=\"fusion-rollover-gallery\" href=\"https:\/\/renfa.sma.gob.cl\/wp-content\/uploads\/2017\/07\/plan-renfa-proyc-conunto.jpg\" data-id=\"14149\" data-rel=\"iLightbox[gallery]\" data-title=\"plan renfa proyc conunto\" data-caption=\"\">\n\t\t\t\t\t\tGallery\t\t\t\t\t<\/a>\n\t\t\t\t\t\t\t\t\t\t\t\t\t\t\n\t\t\t\t\n\t\t\t\t\t\t\t\t\t\t\t\t<h4 class=\"fusion-rollover-title\">\n\t\t\t\t\t<a href=\"https:\/\/renfa.sma.gob.cl\/index.php\/2017\/07\/21\/plan-renfa-2017-2023\/\">\n\t\t\t\t\t\tPlan RENFA 2017-2023\t\t\t\t\t<\/a>\n\t\t\t\t<\/h4>\n\t\t\t\n\t\t\t\t\t\t\t\t\t\t\t\t\t\t<div class=\"fusion-rollover-categories\"><a href=\"https:\/\/renfa.sma.gob.cl\/index.php\/category\/proyectos-conjuntos\/\" rel=\"tag\">Proyectos conjuntos<\/a><\/div>\t\t\t\t\t\n\t\t\n\t\t\t\t<a class=\"fusion-link-wrapper\" href=\"https:\/\/renfa.sma.gob.cl\/index.php\/2017\/07\/21\/plan-renfa-2017-2023\/\" aria-label=\"Plan RENFA 2017-2023\"><\/a>\n\t<\/div>\n<\/div>\n\n\t\n<\/div>\n<\/li>\n\t\t\t\n\t\t\t\n\t\t\t\t\t\t\t\t\t\t\t\t\t\t\t\t\t\t\t\t\t\t\t\t\t\t\t\t\t\t\t\t\t\t\t\t\t\t\t\t\t\t\t\t\t\t\t\t\t\t\t\t\t\t\t\t\t\t\t\t\t\t\t\t\t\t\t\t<\/ul>\n\t<\/div>\n\t<div class=\"fusion-post-content post-content\"><h2 class=\"blog-shortcode-post-title entry-title\"><a href=\"https:\/\/renfa.sma.gob.cl\/index.php\/2017\/07\/21\/plan-renfa-2017-2023\/\">Plan RENFA 2017-2023<\/a><\/h2><div class=\"fusion-post-content-container\"><p>El Plan de Trabajo RENFA, o Plan RENFA es documento que establece los ejes estrat\u00e9gicos que guiar\u00e1n el actuar de la Red en su trabajo colaborativos, definiendo l\u00edneas de trabajo, acciones y metas para el [...]<\/p><\/div><\/div><div class=\"fusion-clearfix\"><\/div><\/article>\n<article id=\"blog-1-post-13858\" class=\"fusion-post-medium post-13858 post type-post status-publish format-standard has-post-thumbnail hentry category-proyectos-conjuntos\">\n\t<style type=\"text\/css\">\n\t\t\n\t\t\n\t\t\n\t\t\n\t\t\t<\/style>\n\n\n\t\t\t<div class=\"fusion-flexslider flexslider fusion-flexslider-loading fusion-post-slideshow\" style=\"\">\n\t\t<ul class=\"slides\">\n\t\t\t\n\t\t\t\t\t\t\t\t\t\t\t\t\t\t<li>\n\n<div  class=\"fusion-image-wrapper fusion-image-size-fixed\" aria-haspopup=\"true\">\n\t\n\t\n\t\t\n\t\t\t\t\t<img width=\"320\" height=\"202\" src=\"https:\/\/renfa.sma.gob.cl\/wp-content\/uploads\/2016\/12\/FAN-320x202.jpg\" class=\"attachment-blog-medium size-blog-medium wp-post-image\" alt=\"\" decoding=\"async\" srcset=\"https:\/\/renfa.sma.gob.cl\/wp-content\/uploads\/2016\/12\/FAN-320x202.jpg 320w, https:\/\/renfa.sma.gob.cl\/wp-content\/uploads\/2016\/12\/FAN-700x441.jpg 700w\" sizes=\"(max-width: 320px) 100vw, 320px\" \/>\n\t\n\n\t\t<div class=\"fusion-rollover\">\n\t<div class=\"fusion-rollover-content\">\n\n\t\t\t\t\t\t\t\t\t\t\t\t\t\t<a class=\"fusion-rollover-link\" href=\"https:\/\/renfa.sma.gob.cl\/index.php\/2016\/12\/29\/avisos-contingencias-e-incidentes-para-fan\/\">Avisos, contingencias e incidentes para FAN<\/a>\n\t\t\t\n\t\t\t\t\t\t\t\t\t\t\t\t\t\t\n\t\t\t\t\t\t\t\t\n\t\t\t\t\t\t\t\t\t\t\t\t\t<div class=\"fusion-rollover-sep\"><\/div>\n\t\t\t\t\n\t\t\t\t\t\t\t\t\t\t\t\t\t\t\t\t\t\t<a class=\"fusion-rollover-gallery\" href=\"https:\/\/renfa.sma.gob.cl\/wp-content\/uploads\/2016\/12\/FAN.jpg\" data-id=\"13858\" data-rel=\"iLightbox[gallery]\" data-title=\"fan\" data-caption=\"\">\n\t\t\t\t\t\tGallery\t\t\t\t\t<\/a>\n\t\t\t\t\t\t\t\t\t\t\t\t\t\t\n\t\t\t\t\n\t\t\t\t\t\t\t\t\t\t\t\t<h4 class=\"fusion-rollover-title\">\n\t\t\t\t\t<a href=\"https:\/\/renfa.sma.gob.cl\/index.php\/2016\/12\/29\/avisos-contingencias-e-incidentes-para-fan\/\">\n\t\t\t\t\t\tAvisos, contingencias e incidentes para FAN\t\t\t\t\t<\/a>\n\t\t\t\t<\/h4>\n\t\t\t\n\t\t\t\t\t\t\t\t\t\t\t\t\t\t<div class=\"fusion-rollover-categories\"><a href=\"https:\/\/renfa.sma.gob.cl\/index.php\/category\/proyectos-conjuntos\/\" rel=\"tag\">Proyectos conjuntos<\/a><\/div>\t\t\t\t\t\n\t\t\n\t\t\t\t<a class=\"fusion-link-wrapper\" href=\"https:\/\/renfa.sma.gob.cl\/index.php\/2016\/12\/29\/avisos-contingencias-e-incidentes-para-fan\/\" aria-label=\"Avisos, contingencias e incidentes para FAN\"><\/a>\n\t<\/div>\n<\/div>\n\n\t\n<\/div>\n<\/li>\n\t\t\t\n\t\t\t\n\t\t\t\t\t\t\t\t\t\t\t\t\t\t\t\t\t\t\t\t\t\t\t\t\t\t\t\t\t\t\t\t\t\t\t\t\t\t\t\t\t\t\t\t\t\t\t\t\t\t\t\t\t\t\t\t\t\t\t\t\t\t\t\t\t\t\t\t<\/ul>\n\t<\/div>\n\t<div class=\"fusion-post-content post-content\"><h2 class=\"blog-shortcode-post-title entry-title\"><a href=\"https:\/\/renfa.sma.gob.cl\/index.php\/2016\/12\/29\/avisos-contingencias-e-incidentes-para-fan\/\">Avisos, contingencias e incidentes para FAN<\/a><\/h2><div class=\"fusion-post-content-container\"><p> El 8 de noviembre, en la ciudad de Puerto Montt, las autoridades del Servicio Nacional de Pesca y Acuicultura (Sernapesca), Superintendencia de Medio Ambiente (SMA), Subsecretar\u00eda de Pesca y Acuicultura y la Armada de [...]<\/p><\/div><\/div><div class=\"fusion-clearfix\"><\/div><\/article>\n<article id=\"blog-1-post-13807\" class=\"fusion-post-medium post-13807 post type-post status-publish format-standard has-post-thumbnail hentry category-proyectos-conjuntos tag-ciclo-de-programacion-cdp\">\n\t<style type=\"text\/css\">\n\t\t\n\t\t\n\t\t\n\t\t\n\t\t\t<\/style>\n\n\n\t\t\t<div class=\"fusion-flexslider flexslider fusion-flexslider-loading fusion-post-slideshow\" style=\"\">\n\t\t<ul class=\"slides\">\n\t\t\t\n\t\t\t\t\t\t\t\t\t\t\t\t\t\t<li>\n\n<div  class=\"fusion-image-wrapper fusion-image-size-fixed\" aria-haspopup=\"true\">\n\t\n\t\n\t\t\n\t\t\t\t\t<img width=\"320\" height=\"202\" src=\"https:\/\/renfa.sma.gob.cl\/wp-content\/uploads\/2016\/11\/CdP-320x202.jpg\" class=\"attachment-blog-medium size-blog-medium wp-post-image\" alt=\"\" decoding=\"async\" srcset=\"https:\/\/renfa.sma.gob.cl\/wp-content\/uploads\/2016\/11\/CdP-320x202.jpg 320w, https:\/\/renfa.sma.gob.cl\/wp-content\/uploads\/2016\/11\/CdP-700x441.jpg 700w\" sizes=\"(max-width: 320px) 100vw, 320px\" \/>\n\t\n\n\t\t<div class=\"fusion-rollover\">\n\t<div class=\"fusion-rollover-content\">\n\n\t\t\t\t\t\t\t\t\t\t\t\t\t\t<a class=\"fusion-rollover-link\" href=\"https:\/\/renfa.sma.gob.cl\/index.php\/2016\/11\/25\/ciclo-de-programacion\/\">Ciclo de Programaci\u00f3n<\/a>\n\t\t\t\n\t\t\t\t\t\t\t\t\t\t\t\t\t\t\n\t\t\t\t\t\t\t\t\n\t\t\t\t\t\t\t\t\t\t\t\t\t<div class=\"fusion-rollover-sep\"><\/div>\n\t\t\t\t\n\t\t\t\t\t\t\t\t\t\t\t\t\t\t\t\t\t\t<a class=\"fusion-rollover-gallery\" href=\"https:\/\/renfa.sma.gob.cl\/wp-content\/uploads\/2016\/11\/CdP.jpg\" data-id=\"13807\" data-rel=\"iLightbox[gallery]\" data-title=\"cdp\" data-caption=\"\">\n\t\t\t\t\t\tGallery\t\t\t\t\t<\/a>\n\t\t\t\t\t\t\t\t\t\t\t\t\t\t\n\t\t\t\t\n\t\t\t\t\t\t\t\t\t\t\t\t<h4 class=\"fusion-rollover-title\">\n\t\t\t\t\t<a href=\"https:\/\/renfa.sma.gob.cl\/index.php\/2016\/11\/25\/ciclo-de-programacion\/\">\n\t\t\t\t\t\tCiclo de Programaci\u00f3n\t\t\t\t\t<\/a>\n\t\t\t\t<\/h4>\n\t\t\t\n\t\t\t\t\t\t\t\t\t\t\t\t\t\t<div class=\"fusion-rollover-categories\"><a href=\"https:\/\/renfa.sma.gob.cl\/index.php\/category\/proyectos-conjuntos\/\" rel=\"tag\">Proyectos conjuntos<\/a><\/div>\t\t\t\t\t\n\t\t\n\t\t\t\t<a class=\"fusion-link-wrapper\" href=\"https:\/\/renfa.sma.gob.cl\/index.php\/2016\/11\/25\/ciclo-de-programacion\/\" aria-label=\"Ciclo de Programaci\u00f3n\"><\/a>\n\t<\/div>\n<\/div>\n\n\t\n<\/div>\n<\/li>\n\t\t\t\n\t\t\t\n\t\t\t\t\t\t\t\t\t\t\t\t\t\t\t\t\t\t\t\t\t\t\t\t\t\t\t\t\t\t\t\t\t\t\t\t\t\t\t\t\t\t\t\t\t\t\t\t\t\t\t\t\t\t\t\t\t\t\t\t\t\t\t\t\t\t\t\t<\/ul>\n\t<\/div>\n\t<div class=\"fusion-post-content post-content\"><h2 class=\"blog-shortcode-post-title entry-title\"><a href=\"https:\/\/renfa.sma.gob.cl\/index.php\/2016\/11\/25\/ciclo-de-programacion\/\">Ciclo de Programaci\u00f3n<\/a><\/h2><div class=\"fusion-post-content-container\"><p> El Ciclo de Programaci\u00f3n (CdP) es la metodolog\u00eda empleada para formular anualmente los programas y subprogramas de fiscalizaci\u00f3n ambiental, se\u00f1alados en el art\u00edculo 16 de la Ley Org\u00e1nica de la Superintendencia del Medio Ambiente [...]<\/p><\/div><\/div><div class=\"fusion-clearfix\"><\/div><\/article>\n<article id=\"blog-1-post-13123\" class=\"fusion-post-medium post-13123 post type-post status-publish format-standard has-post-thumbnail hentry category-proyectos-conjuntos\">\n\t<style type=\"text\/css\">\n\t\t\n\t\t\n\t\t\n\t\t\n\t\t\t<\/style>\n\n\n\t\t\t<div class=\"fusion-flexslider flexslider fusion-flexslider-loading fusion-post-slideshow\" style=\"\">\n\t\t<ul class=\"slides\">\n\t\t\t\n\t\t\t\t\t\t\t\t\t\t\t\t\t\t<li>\n\n<div  class=\"fusion-image-wrapper fusion-image-size-fixed\" aria-haspopup=\"true\">\n\t\n\t\n\t\t\n\t\t\t\t\t<img width=\"320\" height=\"202\" src=\"https:\/\/renfa.sma.gob.cl\/wp-content\/uploads\/2016\/07\/smaos2-320x202.jpg\" class=\"attachment-blog-medium size-blog-medium wp-post-image\" alt=\"\" decoding=\"async\" srcset=\"https:\/\/renfa.sma.gob.cl\/wp-content\/uploads\/2016\/07\/smaos2-320x202.jpg 320w, https:\/\/renfa.sma.gob.cl\/wp-content\/uploads\/2016\/07\/smaos2-700x441.jpg 700w\" sizes=\"(max-width: 320px) 100vw, 320px\" \/>\n\t\n\n\t\t<div class=\"fusion-rollover\">\n\t<div class=\"fusion-rollover-content\">\n\n\t\t\t\t\t\t\t\t\t\t\t\t\t\t<a class=\"fusion-rollover-link\" href=\"https:\/\/renfa.sma.gob.cl\/index.php\/2016\/07\/14\/sistema-sma-os\/\">Sistema SMA OS<\/a>\n\t\t\t\n\t\t\t\t\t\t\t\t\t\t\t\t\t\t\n\t\t\t\t\t\t\t\t\n\t\t\t\t\t\t\t\t\t\t\t\t\t<div class=\"fusion-rollover-sep\"><\/div>\n\t\t\t\t\n\t\t\t\t\t\t\t\t\t\t\t\t\t\t\t\t\t\t<a class=\"fusion-rollover-gallery\" href=\"https:\/\/renfa.sma.gob.cl\/wp-content\/uploads\/2016\/07\/smaos2.jpg\" data-id=\"13123\" data-rel=\"iLightbox[gallery]\" data-title=\"smaos2\" data-caption=\"Titulo de la noticia\nascascascascascascascascascascasc\">\n\t\t\t\t\t\tGallery\t\t\t\t\t<\/a>\n\t\t\t\t\t\t\t\t\t\t\t\t\t\t\n\t\t\t\t\n\t\t\t\t\t\t\t\t\t\t\t\t<h4 class=\"fusion-rollover-title\">\n\t\t\t\t\t<a href=\"https:\/\/renfa.sma.gob.cl\/index.php\/2016\/07\/14\/sistema-sma-os\/\">\n\t\t\t\t\t\tSistema SMA OS\t\t\t\t\t<\/a>\n\t\t\t\t<\/h4>\n\t\t\t\n\t\t\t\t\t\t\t\t\t\t\t\t\t\t<div class=\"fusion-rollover-categories\"><a href=\"https:\/\/renfa.sma.gob.cl\/index.php\/category\/proyectos-conjuntos\/\" rel=\"tag\">Proyectos conjuntos<\/a><\/div>\t\t\t\t\t\n\t\t\n\t\t\t\t<a class=\"fusion-link-wrapper\" href=\"https:\/\/renfa.sma.gob.cl\/index.php\/2016\/07\/14\/sistema-sma-os\/\" aria-label=\"Sistema SMA OS\"><\/a>\n\t<\/div>\n<\/div>\n\n\t\n<\/div>\n<\/li>\n\t\t\t\n\t\t\t\n\t\t\t\t\t\t\t\t\t\t\t\t\t\t\t\t\t\t\t\t\t\t\t\t\t\t\t\t\t\t\t\t\t\t\t\t\t\t\t\t\t\t\t\t\t\t\t\t\t\t\t\t\t\t\t\t\t\t\t\t\t\t\t\t\t\t\t\t<\/ul>\n\t<\/div>\n\t<div class=\"fusion-post-content post-content\"><h2 class=\"blog-shortcode-post-title entry-title\"><a href=\"https:\/\/renfa.sma.gob.cl\/index.php\/2016\/07\/14\/sistema-sma-os\/\">Sistema SMA OS<\/a><\/h2><div class=\"fusion-post-content-container\"><p> El Sistema SMA-OS es una plataforma inform\u00e1tica desarrollada por la Superintendencia del Medio Ambiente a solicitud de los Organismos Sectoriales, dise\u00f1ada para la gesti\u00f3n de las actividades de Fiscalizaci\u00f3n Ambiental. La plataforma corresponde a [...]<\/p><\/div><\/div><div class=\"fusion-clearfix\"><\/div><\/article>\n<\/div><div class=\"pagination clearfix\"><span class=\"current\">1<\/span><a href=\"https:\/\/renfa.sma.gob.cl\/index.php\/wp-json\/wp\/v2\/pages\/11787\/page\/2\/\" class=\"inactive\">2<\/a><a class=\"pagination-next\" href=\"https:\/\/renfa.sma.gob.cl\/index.php\/wp-json\/wp\/v2\/pages\/11787\/page\/2\/\"><span class=\"page-text\">Next<\/span><span class=\"page-next\"><\/span><\/a><\/div><div class=\"fusion-clearfix\"><\/div><\/div><div class=\"fusion-clearfix\"><\/div>\n\n\t\t\t\t\t<\/div>\n\t\t\t\t<\/div><\/div><\/div><\/p>\n","protected":false},"excerpt":{"rendered":"","protected":false},"author":1,"featured_media":0,"parent":0,"menu_order":0,"comment_status":"closed","ping_status":"closed","template":"","meta":{"footnotes":""},"_links":{"self":[{"href":"https:\/\/renfa.sma.gob.cl\/index.php\/wp-json\/wp\/v2\/pages\/11787"}],"collection":[{"href":"https:\/\/renfa.sma.gob.cl\/index.php\/wp-json\/wp\/v2\/pages"}],"about":[{"href":"https:\/\/renfa.sma.gob.cl\/index.php\/wp-json\/wp\/v2\/types\/page"}],"author":[{"embeddable":true,"href":"https:\/\/renfa.sma.gob.cl\/index.php\/wp-json\/wp\/v2\/users\/1"}],"replies":[{"embeddable":true,"href":"https:\/\/renfa.sma.gob.cl\/index.php\/wp-json\/wp\/v2\/comments?post=11787"}],"version-history":[{"count":29,"href":"https:\/\/renfa.sma.gob.cl\/index.php\/wp-json\/wp\/v2\/pages\/11787\/revisions"}],"predecessor-version":[{"id":14594,"href":"https:\/\/renfa.sma.gob.cl\/index.php\/wp-json\/wp\/v2\/pages\/11787\/revisions\/14594"}],"wp:attachment":[{"href":"https:\/\/renfa.sma.gob.cl\/index.php\/wp-json\/wp\/v2\/media?parent=11787"}],"curies":[{"name":"wp","href":"https:\/\/api.w.org\/{rel}","templated":true}]}}