{"id":12128,"date":"2016-06-20T17:40:49","date_gmt":"2016-06-20T21:40:49","guid":{"rendered":"http:\/\/10.100.150.187\/renfa\/?page_id=12128"},"modified":"2018-04-06T12:23:09","modified_gmt":"2018-04-06T15:23:09","slug":"snifa","status":"publish","type":"page","link":"https:\/\/renfa.sma.gob.cl\/index.php\/snifa\/","title":{"rendered":"Sistema Nacional de Informaci\u00f3n de Fiscalizaci\u00f3n Ambiental (SNIFA)"},"content":{"rendered":"<div class=\"fusion-fullwidth fullwidth-box nonhundred-percent-fullwidth non-hundred-percent-height-scrolling\"  style='background-color: #ffffff;background-position: left top;background-repeat: no-repeat;padding-top:20px;padding-right:0px;padding-bottom:20px;padding-left:0px;border-top-width:0px;border-bottom-width:0px;border-color:#eae9e9;border-top-style:solid;border-bottom-style:solid;'><div class=\"fusion-builder-row fusion-row \"><div  class=\"fusion-layout-column fusion_builder_column fusion_builder_column_1_1 fusion-builder-column-1 fusion-one-full fusion-column-first fusion-column-last fusion-column-no-min-height 1_1\"  style='margin-top:0px;margin-bottom:0px;'>\n\t\t\t\t\t<div class=\"fusion-column-wrapper\" style=\"background-position:left top;background-repeat:no-repeat;-webkit-background-size:cover;-moz-background-size:cover;-o-background-size:cover;background-size:cover;\"   data-bg-url=\"\">\n\t\t\t\t\t\t<div class=\"fusion-title title fusion-title-1 sep-underline sep-dotted fusion-title-size-one\" style=\"border-bottom-color:#1d5f77;margin-top:0px;margin-bottom:30px;\"><h1 class=\"title-heading-left\" style=\"margin:0;\"><span style=\"color: #1d5f77;\">Sistema Nacional de Informaci\u00f3n de Fiscalizaci\u00f3n Ambiental<\/span><\/h1><\/div><div class=\"fusion-clearfix\"><\/div>\n\n\t\t\t\t\t<\/div>\n\t\t\t\t<\/div><div  class=\"fusion-layout-column fusion_builder_column fusion_builder_column_1_1 fusion-builder-column-2 fusion-one-full fusion-column-first fusion-column-last 1_1\"  style='margin-top:0px;margin-bottom:20px;'>\n\t\t\t\t\t<div class=\"fusion-column-wrapper\" style=\"background-position:left top;background-repeat:no-repeat;-webkit-background-size:cover;-moz-background-size:cover;-o-background-size:cover;background-size:cover;\"   data-bg-url=\"\">\n\t\t\t\t\t\t<div class=\"fusion-text\"><p style=\"text-align: justify;\">El Sistema Nacional de Informaci\u00f3n de Fiscalizaci\u00f3n Ambiental, SNIFA, es un sitio web de acceso p\u00fablico, desarrollado por la Superintendencia del Medio Ambiente, de acuerdo a lo establecido en la Ley Org\u00e1nica de la SMA (art\u00edculos 31, 32 y 33) y en el Reglamento de SNIFA (Decreto 31 de 2013 del Ministerio del Medio Ambiente).<\/p>\n<p style=\"text-align: justify;\">El sitio proporciona informaci\u00f3n a la ciudadan\u00eda sobre los procesos de fiscalizaci\u00f3n y sancionatorios realizados por la SMA, bajo un enfoque territorial, junto a dict\u00e1menes, sentencias y resoluciones de autoridades, relacionadas con materias ambientales. Adem\u00e1s, incluye acceso a los registros p\u00fablicos de instrumentos de car\u00e1cter ambiental y de sanciones.<\/p>\n<p style=\"text-align: justify;\">Ir al sitio:\u00a0<a href=\"http:\/\/snifa.sma.gob.cl\/v2\/\" target=\"_blank\">snifa.sma.gob.cl<\/a><\/p>\n<\/div><div class=\"fusion-clearfix\"><\/div>\n\n\t\t\t\t\t<\/div>\n\t\t\t\t<\/div><div  class=\"fusion-layout-column fusion_builder_column fusion_builder_column_1_1 fusion-builder-column-3 fusion-one-full fusion-column-first fusion-column-last 1_1\"  style='margin-top:0px;margin-bottom:20px;'>\n\t\t\t\t\t<div class=\"fusion-column-wrapper\" style=\"background-position:left top;background-repeat:no-repeat;-webkit-background-size:cover;-moz-background-size:cover;-o-background-size:cover;background-size:cover;\"   data-bg-url=\"\">\n\t\t\t\t\t\t<div class=\"fusion-video fusion-youtube\" style=\"max-width:800px;max-height:400px;\"><div class=\"video-shortcode\"><iframe title=\"YouTube video player\" src=\"https:\/\/www.youtube.com\/embed\/OviClD0Bc5s?wmode=transparent&autoplay=0\" width=\"800\" height=\"400\" allowfullscreen allow=\"autoplay; fullscreen\"><\/iframe><\/div><\/div><div class=\"fusion-clearfix\"><\/div>\n\n\t\t\t\t\t<\/div>\n\t\t\t\t<\/div><\/div><\/div>\n","protected":false},"excerpt":{"rendered":"","protected":false},"author":1,"featured_media":0,"parent":0,"menu_order":0,"comment_status":"closed","ping_status":"closed","template":"","meta":{"footnotes":""},"_links":{"self":[{"href":"https:\/\/renfa.sma.gob.cl\/index.php\/wp-json\/wp\/v2\/pages\/12128"}],"collection":[{"href":"https:\/\/renfa.sma.gob.cl\/index.php\/wp-json\/wp\/v2\/pages"}],"about":[{"href":"https:\/\/renfa.sma.gob.cl\/index.php\/wp-json\/wp\/v2\/types\/page"}],"author":[{"embeddable":true,"href":"https:\/\/renfa.sma.gob.cl\/index.php\/wp-json\/wp\/v2\/users\/1"}],"replies":[{"embeddable":true,"href":"https:\/\/renfa.sma.gob.cl\/index.php\/wp-json\/wp\/v2\/comments?post=12128"}],"version-history":[{"count":11,"href":"https:\/\/renfa.sma.gob.cl\/index.php\/wp-json\/wp\/v2\/pages\/12128\/revisions"}],"predecessor-version":[{"id":14589,"href":"https:\/\/renfa.sma.gob.cl\/index.php\/wp-json\/wp\/v2\/pages\/12128\/revisions\/14589"}],"wp:attachment":[{"href":"https:\/\/renfa.sma.gob.cl\/index.php\/wp-json\/wp\/v2\/media?parent=12128"}],"curies":[{"name":"wp","href":"https:\/\/api.w.org\/{rel}","templated":true}]}}